{"id":2603,"date":"2024-11-12T18:00:11","date_gmt":"2024-11-12T18:00:11","guid":{"rendered":"https:\/\/teszt.euromedic-hungary.com\/?page_id=2603"},"modified":"2024-11-12T18:40:30","modified_gmt":"2024-11-12T18:40:30","slug":"cookie-policy","status":"publish","type":"page","link":"https:\/\/euromedic-hungary.com\/en\/cookie-policy\/","title":{"rendered":"Cookie Policy"},"content":{"rendered":"<p>Effective Date: 03-Oct-2024<br>Last Updated: 12-Nov-2024<\/p>\n\n\n\n<h5 class=\"wp-block-heading\">What are cookies?<\/h5>\n\n\n\n<p>This Cookie Policy explains what cookies are and how we use them, the types of cookies we use i.e, the information we collect using cookies and how that information is used, and how to manage the cookie settings.<\/p>\n\n\n\n<p>Cookies are small text files that are used to store small pieces of information. They are stored on your device when the website is loaded on your browser. These cookies help us make the website function properly, make it more secure, provide better user experience, and understand how the website performs and to analyze what works and where it needs improvement.<\/p>\n\n\n\n<h5 class=\"wp-block-heading\">How do we use cookies?<\/h5>\n\n\n\n<p>As most of the online services, our website uses first-party and third-party cookies for several purposes. First-party cookies are mostly necessary for the website to function the right way, and they do not collect any of your personally identifiable data.<\/p>\n\n\n\n<p>The third-party cookies used on our website are mainly for understanding how the website performs, how you interact with our website, keeping our services secure, providing advertisements that are relevant to you, and all in all providing you with a better and improved user experience and help speed up your future interactions with our website.<\/p>\n\n\n\n<h5 class=\"wp-block-heading\">Types of cookies we use<\/h5>\n\n\n\n<div class=\"cky-audit-table-element\"><\/div>\n\n\n\n<h5 class=\"wp-block-heading\">Manage cookie settings<\/h5>\n\n\n\n<div class=\"wp-block-uagb-buttons uagb-buttons__outer-wrap uagb-btn__default-btn uagb-btn-tablet__default-btn uagb-btn-mobile__default-btn uagb-block-d3b1fc8c cky-banner-element\"><div class=\"uagb-buttons__wrap uagb-buttons-layout-wrap\">\n<div class=\"wp-block-uagb-buttons-child uagb-buttons__outer-wrap uagb-block-116967d2 wp-block-button\"><div class=\"uagb-button__wrapper\"><a class=\"uagb-buttons-repeater wp-block-button__link\" aria-label=\"\" href=\"#\" rel=\"follow noopener\" target=\"_self\" role=\"button\"><div class=\"uagb-button__link\">Cookie Settings<\/div><span class=\"uagb-button__icon uagb-button__icon-position-after\"><svg xmlns=\"https:\/\/www.w3.org\/2000\/svg\" viewbox=\"0 0 448 512\" aria-hidden=\"true\" focussable=\"false\"><path d=\"M438.6 278.6l-160 160C272.4 444.9 264.2 448 256 448s-16.38-3.125-22.62-9.375c-12.5-12.5-12.5-32.75 0-45.25L338.8 288H32C14.33 288 .0016 273.7 .0016 256S14.33 224 32 224h306.8l-105.4-105.4c-12.5-12.5-12.5-32.75 0-45.25s32.75-12.5 45.25 0l160 160C451.1 245.9 451.1 266.1 438.6 278.6z\"><\/path><\/svg><\/span><\/a><\/div><\/div>\n<\/div><\/div>\n\n\n\n<p>You can change your cookie preferences any time by clicking the above button. This will let you revisit the cookie consent banner and change your preferences or withdraw your consent right away.<\/p>\n\n\n\n<p> In addition to this, different browsers provide different methods to block and delete cookies used by websites. You can change the settings of your browser to block\/delete the cookies. Listed below are the links to the support documents on how to manage and delete cookies from the major web browsers.<\/p>\n\n\n\n<p>Chrome:&nbsp;<a target=\"_blank\" href=\"https:\/\/support.google.com\/accounts\/answer\/32050\" rel=\"noreferrer noopener\">https:\/\/support.google.com\/accounts\/answer\/32050<\/a><\/p>\n\n\n\n<p>Safari:&nbsp;<a target=\"_blank\" href=\"https:\/\/support.apple.com\/en-in\/guide\/safari\/sfri11471\/mac\" rel=\"noreferrer noopener\">https:\/\/support.apple.com\/en-in\/guide\/safari\/sfri11471\/mac<\/a><\/p>\n\n\n\n<p>Firefox:&nbsp;<a target=\"_blank\" href=\"https:\/\/support.mozilla.org\/en-US\/kb\/clear-cookies-and-site-data-firefox?redirectslug=delete-cookies-remove-info-websites-stored&amp;redirectlocale=en-US\" rel=\"noreferrer noopener\">https:\/\/support.mozilla.org\/en-US\/kb\/clear-cookies-and-site-data-firefox?redirectslug=delete-cookies-remove-info-websites-stored&amp;redirectlocale=en-US<\/a><\/p>\n\n\n\n<p>Internet Explorer:&nbsp;<a target=\"_blank\" href=\"https:\/\/support.microsoft.com\/en-us\/topic\/how-to-delete-cookie-files-in-internet-explorer-bca9446f-d873-78de-77ba-d42645fa52fc\" rel=\"noreferrer noopener\">https:\/\/support.microsoft.com\/en-us\/topic\/how-to-delete-cookie-files-in-internet-explorer-bca9446f-d873-78de-77ba-d42645fa52fc<\/a><\/p>\n\n\n\n<p>If you are using any other web browser, please visit your browser\u2019s official support documents.<\/p>\n\n\n\n<p>Cookie Policy Generated By&nbsp;<a href=\"https:\/\/www.cookieyes.com\/?utm_source=CP&amp;utm_medium=footer&amp;utm_campaign=UW\" target=\"_blank\" rel=\"noreferrer noopener\">CookieYes - Cookie Policy Generator<\/a> made with the help of<\/p>\n\n\n\n<p><\/p>","protected":false},"excerpt":{"rendered":"<p>Hat\u00e1lybal\u00e9p\u00e9s d\u00e1tuma: 2024. okt\u00f3ber 3.Utols\u00f3 friss\u00edt\u00e9s: 2024. november 12. Mik azok a cookie-k? Ez a Cookie Szab\u00e1lyzat elmagyar\u00e1zza, mik azok a cookie-k, hogyan haszn\u00e1ljuk \u0151ket, milyen t\u00edpus\u00fa cookie-kat haszn\u00e1lunk, azaz milyen inform\u00e1ci\u00f3kat gy\u0171jt\u00fcnk a cookie-k seg\u00edts\u00e9g\u00e9vel, hogyan haszn\u00e1ljuk fel ezeket az inform\u00e1ci\u00f3kat, \u00e9s hogyan kezelheted a cookie-be\u00e1ll\u00edt\u00e1sokat. A cookie-k kis sz\u00f6veges f\u00e1jlok, amelyeket kis inform\u00e1ci\u00f3k [&hellip;]<\/p>\n","protected":false},"author":1,"featured_media":0,"parent":0,"menu_order":0,"comment_status":"closed","ping_status":"closed","template":"","meta":{"_uag_custom_page_level_css":"","site-sidebar-layout":"default","site-content-layout":"","ast-site-content-layout":"default","site-content-style":"default","site-sidebar-style":"default","ast-global-header-display":"","ast-banner-title-visibility":"","ast-main-header-display":"","ast-hfb-above-header-display":"","ast-hfb-below-header-display":"","ast-hfb-mobile-header-display":"","site-post-title":"","ast-breadcrumbs-content":"","ast-featured-img":"","footer-sml-layout":"","ast-disable-related-posts":"","theme-transparent-header-meta":"","adv-header-id-meta":"","stick-header-meta":"","header-above-stick-meta":"","header-main-stick-meta":"","header-below-stick-meta":"","astra-migrate-meta-layouts":"set","ast-page-background-enabled":"default","ast-page-background-meta":{"desktop":{"background-color":"","background-image":"","background-repeat":"repeat","background-position":"center center","background-size":"auto","background-attachment":"scroll","background-type":"","background-media":"","overlay-type":"","overlay-color":"","overlay-opacity":"","overlay-gradient":""},"tablet":{"background-color":"","background-image":"","background-repeat":"repeat","background-position":"center center","background-size":"auto","background-attachment":"scroll","background-type":"","background-media":"","overlay-type":"","overlay-color":"","overlay-opacity":"","overlay-gradient":""},"mobile":{"background-color":"","background-image":"","background-repeat":"repeat","background-position":"center center","background-size":"auto","background-attachment":"scroll","background-type":"","background-media":"","overlay-type":"","overlay-color":"","overlay-opacity":"","overlay-gradient":""}},"ast-content-background-meta":{"desktop":{"background-color":"var(--ast-global-color-5)","background-image":"","background-repeat":"repeat","background-position":"center center","background-size":"auto","background-attachment":"scroll","background-type":"","background-media":"","overlay-type":"","overlay-color":"","overlay-opacity":"","overlay-gradient":""},"tablet":{"background-color":"var(--ast-global-color-5)","background-image":"","background-repeat":"repeat","background-position":"center center","background-size":"auto","background-attachment":"scroll","background-type":"","background-media":"","overlay-type":"","overlay-color":"","overlay-opacity":"","overlay-gradient":""},"mobile":{"background-color":"var(--ast-global-color-5)","background-image":"","background-repeat":"repeat","background-position":"center center","background-size":"auto","background-attachment":"scroll","background-type":"","background-media":"","overlay-type":"","overlay-color":"","overlay-opacity":"","overlay-gradient":""}},"footnotes":""},"class_list":["post-2603","page","type-page","status-publish","hentry"],"yoast_head":"<!-- This site is optimized with the Yoast SEO plugin v27.4 - https:\/\/yoast.com\/product\/yoast-seo-wordpress\/ -->\n<title>Cookie Szab\u00e1lyzat - Euromedic Hungary<\/title>\n<meta name=\"robots\" content=\"index, follow, max-snippet:-1, max-image-preview:large, max-video-preview:-1\" \/>\n<link rel=\"canonical\" href=\"https:\/\/euromedic-hungary.com\/en\/cookie-policy\/\" \/>\n<meta property=\"og:locale\" content=\"en_GB\" \/>\n<meta property=\"og:type\" content=\"article\" \/>\n<meta property=\"og:title\" content=\"Cookie Szab\u00e1lyzat - Euromedic Hungary\" \/>\n<meta property=\"og:description\" content=\"Hat\u00e1lybal\u00e9p\u00e9s d\u00e1tuma: 2024. okt\u00f3ber 3.Utols\u00f3 friss\u00edt\u00e9s: 2024. november 12. Mik azok a cookie-k? Ez a Cookie Szab\u00e1lyzat elmagyar\u00e1zza, mik azok a cookie-k, hogyan haszn\u00e1ljuk \u0151ket, milyen t\u00edpus\u00fa cookie-kat haszn\u00e1lunk, azaz milyen inform\u00e1ci\u00f3kat gy\u0171jt\u00fcnk a cookie-k seg\u00edts\u00e9g\u00e9vel, hogyan haszn\u00e1ljuk fel ezeket az inform\u00e1ci\u00f3kat, \u00e9s hogyan kezelheted a cookie-be\u00e1ll\u00edt\u00e1sokat. A cookie-k kis sz\u00f6veges f\u00e1jlok, amelyeket kis inform\u00e1ci\u00f3k [&hellip;]\" \/>\n<meta property=\"og:url\" content=\"https:\/\/euromedic-hungary.com\/en\/cookie-policy\/\" \/>\n<meta property=\"og:site_name\" content=\"Euromedic Hungary\" \/>\n<meta property=\"article:modified_time\" content=\"2024-11-12T18:40:30+00:00\" \/>\n<meta name=\"twitter:card\" content=\"summary_large_image\" \/>\n<meta name=\"twitter:label1\" content=\"Estimated reading time\" \/>\n\t<meta name=\"twitter:data1\" content=\"3 minutes\" \/>\n<script type=\"application\/ld+json\" class=\"yoast-schema-graph\">{\"@context\":\"https:\\\/\\\/schema.org\",\"@graph\":[{\"@type\":\"WebPage\",\"@id\":\"https:\\\/\\\/euromedic-hungary.com\\\/cookie-policy\\\/\",\"url\":\"https:\\\/\\\/euromedic-hungary.com\\\/cookie-policy\\\/\",\"name\":\"Cookie Szab\u00e1lyzat - Euromedic Hungary\",\"isPartOf\":{\"@id\":\"https:\\\/\\\/euromedic-hungary.com\\\/#website\"},\"datePublished\":\"2024-11-12T18:00:11+00:00\",\"dateModified\":\"2024-11-12T18:40:30+00:00\",\"breadcrumb\":{\"@id\":\"https:\\\/\\\/euromedic-hungary.com\\\/cookie-policy\\\/#breadcrumb\"},\"inLanguage\":\"en-GB\",\"potentialAction\":[{\"@type\":\"ReadAction\",\"target\":[\"https:\\\/\\\/euromedic-hungary.com\\\/cookie-policy\\\/\"]}]},{\"@type\":\"BreadcrumbList\",\"@id\":\"https:\\\/\\\/euromedic-hungary.com\\\/cookie-policy\\\/#breadcrumb\",\"itemListElement\":[{\"@type\":\"ListItem\",\"position\":1,\"name\":\"Kezd\u0151lap\",\"item\":\"https:\\\/\\\/euromedic-hungary.com\\\/\"},{\"@type\":\"ListItem\",\"position\":2,\"name\":\"Cookie Szab\u00e1lyzat\"}]},{\"@type\":\"WebSite\",\"@id\":\"https:\\\/\\\/euromedic-hungary.com\\\/#website\",\"url\":\"https:\\\/\\\/euromedic-hungary.com\\\/\",\"name\":\"Euromedic Hungary\",\"description\":\"\",\"publisher\":{\"@id\":\"https:\\\/\\\/euromedic-hungary.com\\\/#organization\"},\"potentialAction\":[{\"@type\":\"SearchAction\",\"target\":{\"@type\":\"EntryPoint\",\"urlTemplate\":\"https:\\\/\\\/euromedic-hungary.com\\\/?s={search_term_string}\"},\"query-input\":{\"@type\":\"PropertyValueSpecification\",\"valueRequired\":true,\"valueName\":\"search_term_string\"}}],\"inLanguage\":\"en-GB\"},{\"@type\":\"Organization\",\"@id\":\"https:\\\/\\\/euromedic-hungary.com\\\/#organization\",\"name\":\"Euromedic Hungary\",\"url\":\"https:\\\/\\\/euromedic-hungary.com\\\/\",\"logo\":{\"@type\":\"ImageObject\",\"inLanguage\":\"en-GB\",\"@id\":\"https:\\\/\\\/euromedic-hungary.com\\\/#\\\/schema\\\/logo\\\/image\\\/\",\"url\":\"https:\\\/\\\/euromedic-hungary.com\\\/wp-content\\\/uploads\\\/2024\\\/11\\\/EuromedicLogo.svg\",\"contentUrl\":\"https:\\\/\\\/euromedic-hungary.com\\\/wp-content\\\/uploads\\\/2024\\\/11\\\/EuromedicLogo.svg\",\"caption\":\"Euromedic Hungary\"},\"image\":{\"@id\":\"https:\\\/\\\/euromedic-hungary.com\\\/#\\\/schema\\\/logo\\\/image\\\/\"}}]}<\/script>\n<!-- \/ Yoast SEO plugin. -->","yoast_head_json":{"title":"Cookie Szab\u00e1lyzat - Euromedic Hungary","robots":{"index":"index","follow":"follow","max-snippet":"max-snippet:-1","max-image-preview":"max-image-preview:large","max-video-preview":"max-video-preview:-1"},"canonical":"https:\/\/euromedic-hungary.com\/en\/cookie-policy\/","og_locale":"en_GB","og_type":"article","og_title":"Cookie Szab\u00e1lyzat - Euromedic Hungary","og_description":"Hat\u00e1lybal\u00e9p\u00e9s d\u00e1tuma: 2024. okt\u00f3ber 3.Utols\u00f3 friss\u00edt\u00e9s: 2024. november 12. Mik azok a cookie-k? Ez a Cookie Szab\u00e1lyzat elmagyar\u00e1zza, mik azok a cookie-k, hogyan haszn\u00e1ljuk \u0151ket, milyen t\u00edpus\u00fa cookie-kat haszn\u00e1lunk, azaz milyen inform\u00e1ci\u00f3kat gy\u0171jt\u00fcnk a cookie-k seg\u00edts\u00e9g\u00e9vel, hogyan haszn\u00e1ljuk fel ezeket az inform\u00e1ci\u00f3kat, \u00e9s hogyan kezelheted a cookie-be\u00e1ll\u00edt\u00e1sokat. A cookie-k kis sz\u00f6veges f\u00e1jlok, amelyeket kis inform\u00e1ci\u00f3k [&hellip;]","og_url":"https:\/\/euromedic-hungary.com\/en\/cookie-policy\/","og_site_name":"Euromedic Hungary","article_modified_time":"2024-11-12T18:40:30+00:00","twitter_card":"summary_large_image","twitter_misc":{"Estimated reading time":"3 minutes"},"schema":{"@context":"https:\/\/schema.org","@graph":[{"@type":"WebPage","@id":"https:\/\/euromedic-hungary.com\/cookie-policy\/","url":"https:\/\/euromedic-hungary.com\/cookie-policy\/","name":"Cookie Szab\u00e1lyzat - Euromedic Hungary","isPartOf":{"@id":"https:\/\/euromedic-hungary.com\/#website"},"datePublished":"2024-11-12T18:00:11+00:00","dateModified":"2024-11-12T18:40:30+00:00","breadcrumb":{"@id":"https:\/\/euromedic-hungary.com\/cookie-policy\/#breadcrumb"},"inLanguage":"en-GB","potentialAction":[{"@type":"ReadAction","target":["https:\/\/euromedic-hungary.com\/cookie-policy\/"]}]},{"@type":"BreadcrumbList","@id":"https:\/\/euromedic-hungary.com\/cookie-policy\/#breadcrumb","itemListElement":[{"@type":"ListItem","position":1,"name":"Kezd\u0151lap","item":"https:\/\/euromedic-hungary.com\/"},{"@type":"ListItem","position":2,"name":"Cookie Szab\u00e1lyzat"}]},{"@type":"WebSite","@id":"https:\/\/euromedic-hungary.com\/#website","url":"https:\/\/euromedic-hungary.com\/","name":"Euromedic Hungary","description":"","publisher":{"@id":"https:\/\/euromedic-hungary.com\/#organization"},"potentialAction":[{"@type":"SearchAction","target":{"@type":"EntryPoint","urlTemplate":"https:\/\/euromedic-hungary.com\/?s={search_term_string}"},"query-input":{"@type":"PropertyValueSpecification","valueRequired":true,"valueName":"search_term_string"}}],"inLanguage":"en-GB"},{"@type":"Organization","@id":"https:\/\/euromedic-hungary.com\/#organization","name":"Euromedic Hungary","url":"https:\/\/euromedic-hungary.com\/","logo":{"@type":"ImageObject","inLanguage":"en-GB","@id":"https:\/\/euromedic-hungary.com\/#\/schema\/logo\/image\/","url":"https:\/\/euromedic-hungary.com\/wp-content\/uploads\/2024\/11\/EuromedicLogo.svg","contentUrl":"https:\/\/euromedic-hungary.com\/wp-content\/uploads\/2024\/11\/EuromedicLogo.svg","caption":"Euromedic Hungary"},"image":{"@id":"https:\/\/euromedic-hungary.com\/#\/schema\/logo\/image\/"}}]}},"uagb_featured_image_src":{"full":false,"thumbnail":false,"medium":false,"medium_large":false,"large":false,"1536x1536":false,"2048x2048":false,"trp-custom-language-flag":false},"uagb_author_info":{"display_name":"\u00c1d\u00e1m","author_link":"https:\/\/euromedic-hungary.com\/en\/author\/adamita\/"},"uagb_comment_info":0,"uagb_excerpt":"Hat\u00e1lybal\u00e9p\u00e9s d\u00e1tuma: 2024. okt\u00f3ber 3.Utols\u00f3 friss\u00edt\u00e9s: 2024. november 12. Mik azok a cookie-k? Ez a Cookie Szab\u00e1lyzat elmagyar\u00e1zza, mik azok a cookie-k, hogyan haszn\u00e1ljuk \u0151ket, milyen t\u00edpus\u00fa cookie-kat haszn\u00e1lunk, azaz milyen inform\u00e1ci\u00f3kat gy\u0171jt\u00fcnk a cookie-k seg\u00edts\u00e9g\u00e9vel, hogyan haszn\u00e1ljuk fel ezeket az inform\u00e1ci\u00f3kat, \u00e9s hogyan kezelheted a cookie-be\u00e1ll\u00edt\u00e1sokat. A cookie-k kis sz\u00f6veges f\u00e1jlok, amelyeket kis inform\u00e1ci\u00f3k&hellip;","_links":{"self":[{"href":"https:\/\/euromedic-hungary.com\/en\/wp-json\/wp\/v2\/pages\/2603","targetHints":{"allow":["GET"]}}],"collection":[{"href":"https:\/\/euromedic-hungary.com\/en\/wp-json\/wp\/v2\/pages"}],"about":[{"href":"https:\/\/euromedic-hungary.com\/en\/wp-json\/wp\/v2\/types\/page"}],"author":[{"embeddable":true,"href":"https:\/\/euromedic-hungary.com\/en\/wp-json\/wp\/v2\/users\/1"}],"replies":[{"embeddable":true,"href":"https:\/\/euromedic-hungary.com\/en\/wp-json\/wp\/v2\/comments?post=2603"}],"version-history":[{"count":11,"href":"https:\/\/euromedic-hungary.com\/en\/wp-json\/wp\/v2\/pages\/2603\/revisions"}],"predecessor-version":[{"id":2616,"href":"https:\/\/euromedic-hungary.com\/en\/wp-json\/wp\/v2\/pages\/2603\/revisions\/2616"}],"wp:attachment":[{"href":"https:\/\/euromedic-hungary.com\/en\/wp-json\/wp\/v2\/media?parent=2603"}],"curies":[{"name":"wp","href":"https:\/\/api.w.org\/{rel}","templated":true}]}}