{"id":1388,"date":"2024-01-18T20:42:00","date_gmt":"2024-01-18T20:42:00","guid":{"rendered":"https:\/\/euromedic-hungary.com\/teszt\/?page_id=1388"},"modified":"2025-10-02T10:40:17","modified_gmt":"2025-10-02T10:40:17","slug":"career","status":"publish","type":"page","link":"https:\/\/euromedic-hungary.com\/en\/career\/","title":{"rendered":"Career"},"content":{"rendered":"\n<div class=\"wp-block-uagb-container gradient-dark ticss-2230dcee uagb-block-c7b315d3 alignfull uagb-is-root-container\"><div class=\"uagb-container-inner-blocks-wrap\">\n<div class=\"wp-block-uagb-container uagb-block-4c232f4c\">\n<div class=\"wp-block-uagb-info-box uagb-block-c2a55f31 uagb-infobox__content-wrap  uagb-infobox-icon-above-title uagb-infobox-image-valign-top\"><div class=\"uagb-ifb-content\"><div class=\"uagb-ifb-title-wrap\"><h1 class=\"uagb-ifb-title\">Karrier<\/h1><\/div><p class=\"uagb-ifb-desc\">Azt gondoljuk, hogy az inspir\u00e1l\u00f3 munkahelyi k\u00f6rnyezet, a munkat\u00e1rsaink k\u00f6z\u00f6tti j\u00f3 kapcsolat, a magas szint\u0171 szakmai csapat \u00e9s a folyamatosan fejl\u0151d\u0151 munkak\u00f6rnyezet vonz\u00f3 lehet leend\u0151 munkat\u00e1rsaink sz\u00e1m\u00e1ra.<\/p><\/div><\/div>\n<\/div>\n<\/div><\/div>\n\n\n\n<div class=\"wp-block-uagb-container uagb-block-a3b02eac alignfull uagb-is-root-container\"><div class=\"uagb-container-inner-blocks-wrap\">\n<div class=\"wp-block-uagb-container uagb-block-4ae0d2a9 alignwide uagb-is-root-container\">\n<div class=\"wp-block-uagb-advanced-heading uagb-block-64210d37\"><h2 class=\"uagb-heading-text\">Ha sz\u00edvesen dolgozn\u00e1l az Euromedic C\u00e9gcsoport k\u00f6tel\u00e9k\u00e9ben, csatlakozz hozz\u00e1nk Te is!<\/h2><\/div>\n\n\n\t<div class=\"awsm-job-wrap awsm-job-form-plugin-style\">\n\n\t\t<div class=\"awsm-filter-wrap\"><form action=\"https:\/\/euromedic-hungary.com\/wp-admin\/admin-ajax.php\" method=\"POST\"><div class=\"awsm-filter-item-search\"><div class=\"awsm-filter-item-search-in\"><label for=\"awsm-jq-1\" class=\"awsm-sr-only\">Keres\u00e9s<\/label><input type=\"text\" id=\"awsm-jq-1\" name=\"jq\" value=\"\" placeholder=\"Keres\u00e9s\" class=\"awsm-job-search awsm-job-form-control\"><span class=\"awsm-job-search-btn awsm-job-search-icon-wrapper\"><i class=\"awsm-job-icon-search\"><\/i><\/span><span class=\"awsm-job-search-close-btn awsm-job-search-icon-wrapper awsm-job-hide\"><i class=\"awsm-job-icon-close-circle\"><\/i><\/span><\/div><\/div><a href=\"#\" class=\"awsm-filter-toggle\" role=\"button\" aria-pressed=\"false\"><span class=\"awsm-filter-toggle-text-wrapper awsm-sr-only\">Filter by<\/span><svg width=\"100\" height=\"100\" viewBox=\"0 0 100 100\" xmlns=\"http:\/\/www.w3.org\/2000\/svg\" version=\"1.1\" preserveAspectRatio=\"xMinYMin\"><path xmlns=\"http:\/\/www.w3.org\/2000\/svg\" fill=\"rgb(9.803922%,9.803922%,9.803922%)\" d=\"M 36.417969 19.9375 L 36.417969 17.265625 C 36.417969 16.160156 35.523438 15.265625 34.417969 15.265625 L 21.578125 15.265625 C 20.476562 15.265625 19.578125 16.160156 19.578125 17.265625 L 19.578125 19.9375 L 11 19.9375 L 11 26.9375 L 19.578125 26.9375 L 19.578125 30.105469 C 19.578125 31.210938 20.476562 32.105469 21.578125 32.105469 L 34.417969 32.105469 C 35.523438 32.105469 36.417969 31.210938 36.417969 30.105469 L 36.417969 26.9375 L 89 26.9375 L 89 19.9375 Z M 58.421875 43.578125 C 58.421875 42.476562 57.527344 41.578125 56.421875 41.578125 L 43.582031 41.578125 C 42.480469 41.578125 41.582031 42.476562 41.582031 43.578125 L 41.582031 46.5 L 11 46.5 L 11 53.5 L 41.582031 53.5 L 41.582031 56.421875 C 41.582031 57.527344 42.480469 58.421875 43.582031 58.421875 L 56.421875 58.421875 C 57.527344 58.421875 58.421875 57.527344 58.421875 56.421875 L 58.421875 53.5 L 89 53.5 L 89 46.5 L 58.421875 46.5 Z M 80.417969 70.140625 C 80.417969 69.035156 79.523438 68.140625 78.417969 68.140625 L 65.578125 68.140625 C 64.476562 68.140625 63.578125 69.035156 63.578125 70.140625 L 63.578125 73.0625 L 11 73.0625 L 11 80.0625 L 63.578125 80.0625 L 63.578125 82.984375 C 63.578125 84.085938 64.476562 84.984375 65.578125 84.984375 L 78.417969 84.984375 C 79.523438 84.984375 80.417969 84.085938 80.417969 82.984375 L 80.417969 80.0625 L 89 80.0625 L 89 73.0625 L 80.417969 73.0625 Z M 80.417969 70.140625\"\/><\/svg><\/a><div class=\"awsm-filter-items\"><div class=\"awsm-filter-item\" data-filter=\"job__category_spec\"><label for=\"awsm-job-category-filter-option-1\" class=\"awsm-sr-only\">\u00d6sszes \u00c1ll\u00e1s kateg\u00f3ria<\/label><select name=\"awsm_job_spec[job-category]\" class=\"awsm-filter-option awsm-job-category-filter-option\" id=\"awsm-job-category-filter-option-1\" aria-label=\"\u00d6sszes \u00c1ll\u00e1s kateg\u00f3ria\"><option value=\"\">\u00d6sszes \u00c1ll\u00e1s kateg\u00f3ria<\/option><option value=\"59\" data-slug=\"minosegbiztositass\">Min\u0151s\u00e9gbiztos\u00edt\u00e1ss<\/option><\/select><\/div><\/div><input type=\"hidden\" name=\"action\" value=\"jobfilter\"><\/form><\/div>\n\t\t<div class=\"awsm-job-listings awsm-row awsm-grid-col-3\" data-listings=\"10\" data-specs=\"|orderby:date ASC\">\n\t\t\t\t\t<div class=\"awsm-job-listing-item awsm-grid-item\" id=\"awsm-grid-item-2564\">\t\t<a href=\"https:\/\/euromedic-hungary.com\/en\/jobs\/altalanos-jelentkezes\/\" class=\"awsm-job-item\">\t\t\t<div class=\"awsm-grid-left-col\">\n\t\t\t\t\n\t\t\t\t\n\t\t\t\t<h2 class=\"awsm-job-post-title\">\n\t\t\t\t\tEgy\u00e9b poz\u00edci\u00f3\t\t\t\t<\/h2>\n\n\t\t\t\t\t\t\t<\/div>\n\n\t\t\t<div class=\"awsm-grid-right-col\">\n\t\t\t\t<div class=\"awsm-job-more-container\"><span class=\"awsm-job-more\">Tov\u00e1bb <span><\/span><\/span><\/div>\t\t\t<\/div>\n\t\t<\/a>\t<\/div><div class=\"awsm-job-listing-item awsm-grid-item\" id=\"awsm-grid-item-3082\">\t\t<a href=\"https:\/\/euromedic-hungary.com\/en\/jobs\/minosegbiztosito-gyogyszeresz\/\" class=\"awsm-job-item\">\t\t\t<div class=\"awsm-grid-left-col\">\n\t\t\t\t\n\t\t\t\t\n\t\t\t\t<h2 class=\"awsm-job-post-title\">\n\t\t\t\t\tMin\u0151s\u00e9gbiztos\u00edt\u00f3 gy\u00f3gyszer\u00e9sz\t\t\t\t<\/h2>\n\n\t\t\t\t\t\t\t<\/div>\n\n\t\t\t<div class=\"awsm-grid-right-col\">\n\t\t\t\t<div class=\"awsm-job-specification-wrapper\"><div class=\"awsm-job-specification-item awsm-job-specification-job-category\"><span class=\"awsm-job-specification-term\">Min\u0151s\u00e9gbiztos\u00edt\u00e1ss<\/span> <\/div><\/div><div class=\"awsm-job-more-container\"><span class=\"awsm-job-more\">Tov\u00e1bb <span><\/span><\/span><\/div>\t\t\t<\/div>\n\t\t<\/a>\t<\/div><div class=\"awsm-job-listing-item awsm-grid-item\" id=\"awsm-grid-item-3169\">\t\t<a href=\"https:\/\/euromedic-hungary.com\/en\/jobs\/kereskedelmi-adminisztracios-munkatars\/\" class=\"awsm-job-item\">\t\t\t<div class=\"awsm-grid-left-col\">\n\t\t\t\t\n\t\t\t\t\n\t\t\t\t<h2 class=\"awsm-job-post-title\">\n\t\t\t\t\tKereskedelmi adminisztr\u00e1ci\u00f3s munkat\u00e1rs\t\t\t\t<\/h2>\n\n\t\t\t\t\t\t\t<\/div>\n\n\t\t\t<div class=\"awsm-grid-right-col\">\n\t\t\t\t<div class=\"awsm-job-more-container\"><span class=\"awsm-job-more\">Tov\u00e1bb <span><\/span><\/span><\/div>\t\t\t<\/div>\n\t\t<\/a>\t<\/div><div class=\"awsm-job-listing-item awsm-grid-item\" id=\"awsm-grid-item-3376\">\t\t<a href=\"https:\/\/euromedic-hungary.com\/en\/jobs\/fogaszati-teruleten-jartas-adminisztrator-irodai-munkatars\/\" class=\"awsm-job-item\">\t\t\t<div class=\"awsm-grid-left-col\">\n\t\t\t\t\n\t\t\t\t\n\t\t\t\t<h2 class=\"awsm-job-post-title\">\n\t\t\t\t\tFog\u00e1szati ter\u00fcleten j\u00e1rtas adminisztr\u00e1tor \/ irodai munkat\u00e1rs\t\t\t\t<\/h2>\n\n\t\t\t\t\t\t\t<\/div>\n\n\t\t\t<div class=\"awsm-grid-right-col\">\n\t\t\t\t<div class=\"awsm-job-more-container\"><span class=\"awsm-job-more\">Tov\u00e1bb <span><\/span><\/span><\/div>\t\t\t<\/div>\n\t\t<\/a>\t<\/div><div class=\"awsm-job-listing-item awsm-grid-item\" id=\"awsm-grid-item-3387\">\t\t<a href=\"https:\/\/euromedic-hungary.com\/en\/jobs\/ertekesitesi-kepviselo-munkatars\/\" class=\"awsm-job-item\">\t\t\t<div class=\"awsm-grid-left-col\">\n\t\t\t\t\n\t\t\t\t\n\t\t\t\t<h2 class=\"awsm-job-post-title\">\n\t\t\t\t\t\u00c9rt\u00e9kes\u00edt\u00e9si k\u00e9pvisel\u0151 munkat\u00e1rs\t\t\t\t<\/h2>\n\n\t\t\t\t\t\t\t<\/div>\n\n\t\t\t<div class=\"awsm-grid-right-col\">\n\t\t\t\t<div class=\"awsm-job-more-container\"><span class=\"awsm-job-more\">Tov\u00e1bb <span><\/span><\/span><\/div>\t\t\t<\/div>\n\t\t<\/a>\t<\/div>\t\t\t\t<\/div>\n\t<\/div>\n\n<\/div>\n<\/div><\/div>\n\n\n\n<p><\/p>\n","protected":false},"excerpt":{"rendered":"<p>If you are interested in working for Euromedic Group, please come and join us!<\/p>","protected":false},"author":1,"featured_media":0,"parent":0,"menu_order":0,"comment_status":"closed","ping_status":"closed","template":"","meta":{"_uag_custom_page_level_css":"","site-sidebar-layout":"no-sidebar","site-content-layout":"","ast-site-content-layout":"normal-width-container","site-content-style":"unboxed","site-sidebar-style":"unboxed","ast-global-header-display":"","ast-banner-title-visibility":"","ast-main-header-display":"","ast-hfb-above-header-display":"","ast-hfb-below-header-display":"","ast-hfb-mobile-header-display":"","site-post-title":"disabled","ast-breadcrumbs-content":"","ast-featured-img":"disabled","footer-sml-layout":"","ast-disable-related-posts":"","theme-transparent-header-meta":"enabled","adv-header-id-meta":"","stick-header-meta":"","header-above-stick-meta":"","header-main-stick-meta":"","header-below-stick-meta":"","astra-migrate-meta-layouts":"set","ast-page-background-enabled":"default","ast-page-background-meta":{"desktop":{"background-color":"","background-image":"","background-repeat":"repeat","background-position":"center center","background-size":"auto","background-attachment":"scroll","background-type":"","background-media":"","overlay-type":"","overlay-color":"","overlay-opacity":"","overlay-gradient":""},"tablet":{"background-color":"","background-image":"","background-repeat":"repeat","background-position":"center center","background-size":"auto","background-attachment":"scroll","background-type":"","background-media":"","overlay-type":"","overlay-color":"","overlay-opacity":"","overlay-gradient":""},"mobile":{"background-color":"","background-image":"","background-repeat":"repeat","background-position":"center center","background-size":"auto","background-attachment":"scroll","background-type":"","background-media":"","overlay-type":"","overlay-color":"","overlay-opacity":"","overlay-gradient":""}},"ast-content-background-meta":{"desktop":{"background-color":"var(--ast-global-color-5)","background-image":"","background-repeat":"repeat","background-position":"center center","background-size":"auto","background-attachment":"scroll","background-type":"","background-media":"","overlay-type":"","overlay-color":"","overlay-opacity":"","overlay-gradient":""},"tablet":{"background-color":"var(--ast-global-color-5)","background-image":"","background-repeat":"repeat","background-position":"center center","background-size":"auto","background-attachment":"scroll","background-type":"","background-media":"","overlay-type":"","overlay-color":"","overlay-opacity":"","overlay-gradient":""},"mobile":{"background-color":"var(--ast-global-color-5)","background-image":"","background-repeat":"repeat","background-position":"center center","background-size":"auto","background-attachment":"scroll","background-type":"","background-media":"","overlay-type":"","overlay-color":"","overlay-opacity":"","overlay-gradient":""}},"footnotes":""},"class_list":["post-1388","page","type-page","status-publish","hentry"],"yoast_head":"<!-- This site is optimized with the Yoast SEO plugin v27.5 - https:\/\/yoast.com\/product\/yoast-seo-wordpress\/ -->\n<title>Karrier - Euromedic Hungary<\/title>\n<meta name=\"robots\" content=\"index, follow, max-snippet:-1, max-image-preview:large, max-video-preview:-1\" \/>\n<link rel=\"canonical\" href=\"https:\/\/euromedic-hungary.com\/en\/career\/\" \/>\n<meta property=\"og:locale\" content=\"en_GB\" \/>\n<meta property=\"og:type\" content=\"article\" \/>\n<meta property=\"og:title\" content=\"Karrier - Euromedic Hungary\" \/>\n<meta property=\"og:description\" content=\"Ha sz\u00edvesen dolgozn\u00e1l az Euromedic C\u00e9gcsoport k\u00f6tel\u00e9k\u00e9ben, csatlakozz hozz\u00e1nk Te is!\" \/>\n<meta property=\"og:url\" content=\"https:\/\/euromedic-hungary.com\/en\/career\/\" \/>\n<meta property=\"og:site_name\" content=\"Euromedic Hungary\" \/>\n<meta property=\"article:modified_time\" content=\"2025-10-02T10:40:17+00:00\" \/>\n<meta name=\"twitter:card\" content=\"summary_large_image\" \/>\n<meta name=\"twitter:label1\" content=\"Estimated reading time\" \/>\n\t<meta name=\"twitter:data1\" content=\"1 minute\" \/>\n<script type=\"application\/ld+json\" class=\"yoast-schema-graph\">{\"@context\":\"https:\\\/\\\/schema.org\",\"@graph\":[{\"@type\":\"WebPage\",\"@id\":\"https:\\\/\\\/euromedic-hungary.com\\\/career\\\/\",\"url\":\"https:\\\/\\\/euromedic-hungary.com\\\/career\\\/\",\"name\":\"Karrier - Euromedic Hungary\",\"isPartOf\":{\"@id\":\"https:\\\/\\\/euromedic-hungary.com\\\/#website\"},\"datePublished\":\"2024-01-18T20:42:00+00:00\",\"dateModified\":\"2025-10-02T10:40:17+00:00\",\"breadcrumb\":{\"@id\":\"https:\\\/\\\/euromedic-hungary.com\\\/career\\\/#breadcrumb\"},\"inLanguage\":\"en-GB\",\"potentialAction\":[{\"@type\":\"ReadAction\",\"target\":[\"https:\\\/\\\/euromedic-hungary.com\\\/career\\\/\"]}]},{\"@type\":\"BreadcrumbList\",\"@id\":\"https:\\\/\\\/euromedic-hungary.com\\\/career\\\/#breadcrumb\",\"itemListElement\":[{\"@type\":\"ListItem\",\"position\":1,\"name\":\"Kezd\u0151lap\",\"item\":\"https:\\\/\\\/euromedic-hungary.com\\\/\"},{\"@type\":\"ListItem\",\"position\":2,\"name\":\"Karrier\"}]},{\"@type\":\"WebSite\",\"@id\":\"https:\\\/\\\/euromedic-hungary.com\\\/#website\",\"url\":\"https:\\\/\\\/euromedic-hungary.com\\\/\",\"name\":\"Euromedic Hungary\",\"description\":\"\",\"publisher\":{\"@id\":\"https:\\\/\\\/euromedic-hungary.com\\\/#organization\"},\"potentialAction\":[{\"@type\":\"SearchAction\",\"target\":{\"@type\":\"EntryPoint\",\"urlTemplate\":\"https:\\\/\\\/euromedic-hungary.com\\\/?s={search_term_string}\"},\"query-input\":{\"@type\":\"PropertyValueSpecification\",\"valueRequired\":true,\"valueName\":\"search_term_string\"}}],\"inLanguage\":\"en-GB\"},{\"@type\":\"Organization\",\"@id\":\"https:\\\/\\\/euromedic-hungary.com\\\/#organization\",\"name\":\"Euromedic Hungary\",\"url\":\"https:\\\/\\\/euromedic-hungary.com\\\/\",\"logo\":{\"@type\":\"ImageObject\",\"inLanguage\":\"en-GB\",\"@id\":\"https:\\\/\\\/euromedic-hungary.com\\\/#\\\/schema\\\/logo\\\/image\\\/\",\"url\":\"https:\\\/\\\/euromedic-hungary.com\\\/wp-content\\\/uploads\\\/2024\\\/11\\\/EuromedicLogo.svg\",\"contentUrl\":\"https:\\\/\\\/euromedic-hungary.com\\\/wp-content\\\/uploads\\\/2024\\\/11\\\/EuromedicLogo.svg\",\"caption\":\"Euromedic Hungary\"},\"image\":{\"@id\":\"https:\\\/\\\/euromedic-hungary.com\\\/#\\\/schema\\\/logo\\\/image\\\/\"}}]}<\/script>\n<!-- \/ Yoast SEO plugin. -->","yoast_head_json":{"title":"Karrier - Euromedic Hungary","robots":{"index":"index","follow":"follow","max-snippet":"max-snippet:-1","max-image-preview":"max-image-preview:large","max-video-preview":"max-video-preview:-1"},"canonical":"https:\/\/euromedic-hungary.com\/en\/career\/","og_locale":"en_GB","og_type":"article","og_title":"Karrier - Euromedic Hungary","og_description":"Ha sz\u00edvesen dolgozn\u00e1l az Euromedic C\u00e9gcsoport k\u00f6tel\u00e9k\u00e9ben, csatlakozz hozz\u00e1nk Te is!","og_url":"https:\/\/euromedic-hungary.com\/en\/career\/","og_site_name":"Euromedic Hungary","article_modified_time":"2025-10-02T10:40:17+00:00","twitter_card":"summary_large_image","twitter_misc":{"Estimated reading time":"1 minute"},"schema":{"@context":"https:\/\/schema.org","@graph":[{"@type":"WebPage","@id":"https:\/\/euromedic-hungary.com\/career\/","url":"https:\/\/euromedic-hungary.com\/career\/","name":"Karrier - Euromedic Hungary","isPartOf":{"@id":"https:\/\/euromedic-hungary.com\/#website"},"datePublished":"2024-01-18T20:42:00+00:00","dateModified":"2025-10-02T10:40:17+00:00","breadcrumb":{"@id":"https:\/\/euromedic-hungary.com\/career\/#breadcrumb"},"inLanguage":"en-GB","potentialAction":[{"@type":"ReadAction","target":["https:\/\/euromedic-hungary.com\/career\/"]}]},{"@type":"BreadcrumbList","@id":"https:\/\/euromedic-hungary.com\/career\/#breadcrumb","itemListElement":[{"@type":"ListItem","position":1,"name":"Kezd\u0151lap","item":"https:\/\/euromedic-hungary.com\/"},{"@type":"ListItem","position":2,"name":"Karrier"}]},{"@type":"WebSite","@id":"https:\/\/euromedic-hungary.com\/#website","url":"https:\/\/euromedic-hungary.com\/","name":"Euromedic Hungary","description":"","publisher":{"@id":"https:\/\/euromedic-hungary.com\/#organization"},"potentialAction":[{"@type":"SearchAction","target":{"@type":"EntryPoint","urlTemplate":"https:\/\/euromedic-hungary.com\/?s={search_term_string}"},"query-input":{"@type":"PropertyValueSpecification","valueRequired":true,"valueName":"search_term_string"}}],"inLanguage":"en-GB"},{"@type":"Organization","@id":"https:\/\/euromedic-hungary.com\/#organization","name":"Euromedic Hungary","url":"https:\/\/euromedic-hungary.com\/","logo":{"@type":"ImageObject","inLanguage":"en-GB","@id":"https:\/\/euromedic-hungary.com\/#\/schema\/logo\/image\/","url":"https:\/\/euromedic-hungary.com\/wp-content\/uploads\/2024\/11\/EuromedicLogo.svg","contentUrl":"https:\/\/euromedic-hungary.com\/wp-content\/uploads\/2024\/11\/EuromedicLogo.svg","caption":"Euromedic Hungary"},"image":{"@id":"https:\/\/euromedic-hungary.com\/#\/schema\/logo\/image\/"}}]}},"uagb_featured_image_src":{"full":false,"thumbnail":false,"medium":false,"medium_large":false,"large":false,"1536x1536":false,"2048x2048":false,"trp-custom-language-flag":false},"uagb_author_info":{"display_name":"\u00c1d\u00e1m","author_link":"https:\/\/euromedic-hungary.com\/en\/author\/adamita\/"},"uagb_comment_info":0,"uagb_excerpt":"Ha sz\u00edvesen dolgozn\u00e1l az Euromedic C\u00e9gcsoport k\u00f6tel\u00e9k\u00e9ben, csatlakozz hozz\u00e1nk Te is!","_links":{"self":[{"href":"https:\/\/euromedic-hungary.com\/en\/wp-json\/wp\/v2\/pages\/1388","targetHints":{"allow":["GET"]}}],"collection":[{"href":"https:\/\/euromedic-hungary.com\/en\/wp-json\/wp\/v2\/pages"}],"about":[{"href":"https:\/\/euromedic-hungary.com\/en\/wp-json\/wp\/v2\/types\/page"}],"author":[{"embeddable":true,"href":"https:\/\/euromedic-hungary.com\/en\/wp-json\/wp\/v2\/users\/1"}],"replies":[{"embeddable":true,"href":"https:\/\/euromedic-hungary.com\/en\/wp-json\/wp\/v2\/comments?post=1388"}],"version-history":[{"count":64,"href":"https:\/\/euromedic-hungary.com\/en\/wp-json\/wp\/v2\/pages\/1388\/revisions"}],"predecessor-version":[{"id":3208,"href":"https:\/\/euromedic-hungary.com\/en\/wp-json\/wp\/v2\/pages\/1388\/revisions\/3208"}],"wp:attachment":[{"href":"https:\/\/euromedic-hungary.com\/en\/wp-json\/wp\/v2\/media?parent=1388"}],"curies":[{"name":"wp","href":"https:\/\/api.w.org\/{rel}","templated":true}]}}